{"id":812,"date":"2023-12-04T14:06:11","date_gmt":"2023-12-04T13:06:11","guid":{"rendered":"https:\/\/ochronka-kiga.pl\/grupy\/"},"modified":"2024-01-18T10:31:43","modified_gmt":"2024-01-18T09:31:43","slug":"grupy","status":"publish","type":"page","link":"https:\/\/ochronka-kiga.pl\/de\/grupy\/","title":{"rendered":"Gruppen"},"content":{"rendered":"<p>In dem Kindergarten gibt es zwei Altersgruppen.<img loading=\"lazy\" decoding=\"async\" style=\"float: right; padding-left: 35px;\" src=\"https:\/\/ochronka-kiga.pl\/wp-content\/uploads\/2024\/01\/ochronka-przedszkole.jpg\" alt=\"Ochronka przedszkole\" width=\"501\" height=\"376\" \/><\/p>\n<ul>\n<li>Die Gruppe &#8222;Kleinkinder&#8220; umfasst Kinder im Alter von 2,5 bis 3 Jahren.<\/li>\n<li>Die Gruppe &#8222;\u00c4ltere Kinder&#8220; umfasst Kinder im Alter von 4 bis 6 Jahren.<\/li>\n<\/ul>\n<p>&nbsp;<\/p>\n<p style=\"text-align: justify;\">Die Kinder besuchen den Kindergarten gerne und sind fr\u00f6hlich, offen, neugierig und aktiv sowohl w\u00e4hrend des Spielens als auch w\u00e4hrend der Aktivit\u00e4ten. Die Sch\u00fctzlinge m\u00f6gen verschiedene Arten von Spielen und Bewegungsspielen, die sowohl im Kindergartenraum als auch auf dem Spielplatz organisiert werden. Gemeinsam lernen sie gerne die Regeln des harmonischen Zusammenlebens in der Gruppe. Sie bem\u00fchen sich, unabh\u00e4ngig und freundlich zu sein. Sie lernen gerne neue Gedichte, Lieder und Reime sowohl in Polnisch als auch in Deutsch. Sie m\u00f6gen auch Bewegungs-, Lehr- und thematische Spiele in den Interessenecken. Jeder Tag ist erf\u00fcllt von fr\u00f6hlichem Spiel, p\u00e4dagogischen Aktivit\u00e4ten, zus\u00e4tzlichen Unterrichtsstunden und Spazierg\u00e4ngen, sodass das L\u00e4cheln nicht aus den Gesichtern der Kinder verschwindet. Bildung verbindet sich mit Spiel, wodurch die Kinder neue Kenntnisse und F\u00e4higkeiten erwerben.<\/p>\n","protected":false},"excerpt":{"rendered":"<p>In dem Kindergarten gibt es zwei Altersgruppen. Die Gruppe &#8222;Kleinkinder&#8220; umfasst Kinder im Alter von 2,5 bis 3 Jahren. Die Gruppe &#8222;\u00c4ltere Kinder&#8220; umfasst Kinder im Alter von 4 bis 6 Jahren. &nbsp; Die Kinder besuchen den Kindergarten gerne und sind fr\u00f6hlich, offen, neugierig und aktiv sowohl w\u00e4hrend des Spielens als auch w\u00e4hrend der Aktivit\u00e4ten. [&hellip;]<\/p>\n","protected":false},"author":1,"featured_media":0,"parent":0,"menu_order":0,"comment_status":"closed","ping_status":"closed","template":"","meta":{"footnotes":""},"class_list":["post-812","page","type-page","status-publish","hentry"],"acf":[],"_links":{"self":[{"href":"https:\/\/ochronka-kiga.pl\/de\/wp-json\/wp\/v2\/pages\/812","targetHints":{"allow":["GET"]}}],"collection":[{"href":"https:\/\/ochronka-kiga.pl\/de\/wp-json\/wp\/v2\/pages"}],"about":[{"href":"https:\/\/ochronka-kiga.pl\/de\/wp-json\/wp\/v2\/types\/page"}],"author":[{"embeddable":true,"href":"https:\/\/ochronka-kiga.pl\/de\/wp-json\/wp\/v2\/users\/1"}],"replies":[{"embeddable":true,"href":"https:\/\/ochronka-kiga.pl\/de\/wp-json\/wp\/v2\/comments?post=812"}],"version-history":[{"count":1,"href":"https:\/\/ochronka-kiga.pl\/de\/wp-json\/wp\/v2\/pages\/812\/revisions"}],"predecessor-version":[{"id":813,"href":"https:\/\/ochronka-kiga.pl\/de\/wp-json\/wp\/v2\/pages\/812\/revisions\/813"}],"wp:attachment":[{"href":"https:\/\/ochronka-kiga.pl\/de\/wp-json\/wp\/v2\/media?parent=812"}],"curies":[{"name":"wp","href":"https:\/\/api.w.org\/{rel}","templated":true}]}}