{"id":748,"date":"2023-12-04T14:07:36","date_gmt":"2023-12-04T13:07:36","guid":{"rendered":"https:\/\/ochronka-kiga.pl\/zapisy\/"},"modified":"2024-01-18T10:43:02","modified_gmt":"2024-01-18T09:43:02","slug":"zapisy","status":"publish","type":"page","link":"https:\/\/ochronka-kiga.pl\/de\/zapisy\/","title":{"rendered":"Online anmelden"},"content":{"rendered":"<p><strong>Liebe Eltern<\/strong><\/p>\n<p>wir freuen uns sehr, dass Sie unseren Kindergarten f\u00fcr Ihr Kind ausgew\u00e4hlt haben. Wir m\u00f6chten Ihr Kind so gut wie m\u00f6glich kennenlernen, seine Vorlieben und Bed\u00fcrfnisse und Ihre Erwartungen an unseren Kindergarten.<\/p>\n<p>Telefon: <strong><a href=\"tel: +48 572 920 180\">+48 572 920 180<\/a><\/strong><\/p>\n<p>Email:<strong><a href=\"mailto:sekretariat@ochronka-kiga.pl\">sekretariat@ochronka-kiga.pl<\/a><\/strong><\/p>\n<p>Wir w\u00fcnschen Ihnen eine sch\u00f6ne Zeit in unserem Kindergarten \u2013 Ochronka.<\/p>\n","protected":false},"excerpt":{"rendered":"<p>Liebe Eltern wir freuen uns sehr, dass Sie unseren Kindergarten f\u00fcr Ihr Kind ausgew\u00e4hlt haben. Wir m\u00f6chten Ihr Kind so gut wie m\u00f6glich kennenlernen, seine Vorlieben und Bed\u00fcrfnisse und Ihre Erwartungen an unseren Kindergarten. Telefon: +48 572 920 180 Email:sekretariat@ochronka-kiga.pl Wir w\u00fcnschen Ihnen eine sch\u00f6ne Zeit in unserem Kindergarten \u2013 Ochronka.<\/p>\n","protected":false},"author":1,"featured_media":0,"parent":0,"menu_order":0,"comment_status":"closed","ping_status":"closed","template":"","meta":{"footnotes":""},"class_list":["post-748","page","type-page","status-publish","hentry"],"acf":[],"_links":{"self":[{"href":"https:\/\/ochronka-kiga.pl\/de\/wp-json\/wp\/v2\/pages\/748","targetHints":{"allow":["GET"]}}],"collection":[{"href":"https:\/\/ochronka-kiga.pl\/de\/wp-json\/wp\/v2\/pages"}],"about":[{"href":"https:\/\/ochronka-kiga.pl\/de\/wp-json\/wp\/v2\/types\/page"}],"author":[{"embeddable":true,"href":"https:\/\/ochronka-kiga.pl\/de\/wp-json\/wp\/v2\/users\/1"}],"replies":[{"embeddable":true,"href":"https:\/\/ochronka-kiga.pl\/de\/wp-json\/wp\/v2\/comments?post=748"}],"version-history":[{"count":4,"href":"https:\/\/ochronka-kiga.pl\/de\/wp-json\/wp\/v2\/pages\/748\/revisions"}],"predecessor-version":[{"id":815,"href":"https:\/\/ochronka-kiga.pl\/de\/wp-json\/wp\/v2\/pages\/748\/revisions\/815"}],"wp:attachment":[{"href":"https:\/\/ochronka-kiga.pl\/de\/wp-json\/wp\/v2\/media?parent=748"}],"curies":[{"name":"wp","href":"https:\/\/api.w.org\/{rel}","templated":true}]}}